{"id":8,"date":"2022-02-07T15:24:00","date_gmt":"2022-02-07T15:24:00","guid":{"rendered":"http:\/\/www.softoro.pl\/new\/?page_id=8"},"modified":"2023-03-07T11:58:49","modified_gmt":"2023-03-07T11:58:49","slug":"strona-glowna","status":"publish","type":"page","link":"https:\/\/www.softoro.pl\/","title":{"rendered":"Strona G\u0142\u00f3wna"},"content":{"rendered":"<p>[et_pb_section fb_built=&#8221;1&#8243; admin_label=&#8221;Header&#8221; _builder_version=&#8221;4.16&#8243; use_background_color_gradient=&#8221;on&#8221; background_color_gradient_direction=&#8221;237deg&#8221; background_color_gradient_stops=&#8221;#e09900 0%|#edf000 100%&#8221; background_color_gradient_start=&#8221;#e09900&#8243; background_color_gradient_end=&#8221;#edf000&#8243; background_image=&#8221;https:\/\/www.softoro.pl\/wp-content\/uploads\/2022\/02\/hosting-company-01.png&#8221; background_size=&#8221;contain&#8221; background_position=&#8221;bottom_center&#8221; custom_padding=&#8221;100px||10vw||false|false&#8221; animation_style=&#8221;slide&#8221; animation_direction=&#8221;top&#8221; animation_intensity_slide=&#8221;2%&#8221; animation_starting_opacity=&#8221;100%&#8221; global_colors_info=&#8221;{}&#8221;][et_pb_row _builder_version=&#8221;4.19.1&#8243; max_width=&#8221;1916px&#8221; module_alignment=&#8221;center&#8221; hover_enabled=&#8221;0&#8243; global_colors_info=&#8221;{}&#8221; disabled_on=&#8221;off|off|off&#8221; width=&#8221;100%&#8221; sticky_enabled=&#8221;0&#8243;][et_pb_column type=&#8221;4_4&#8243; _builder_version=&#8221;4.16&#8243; custom_padding=&#8221;0px||||false|false&#8221; custom_padding_tablet=&#8221;0px|||&#8221; custom_padding_phone=&#8221;0px|||&#8221; custom_padding_last_edited=&#8221;on|tablet&#8221; global_colors_info=&#8221;{}&#8221; padding_tablet=&#8221;0px|||&#8221; padding_last_edited=&#8221;on|tablet&#8221; custom_padding__hover=&#8221;|||&#8221; padding_phone=&#8221;0px|||&#8221;][et_pb_slider _builder_version=&#8221;4.16&#8243; _module_preset=&#8221;default&#8221; background_color=&#8221;RGBA(255,255,255,0)&#8221; width=&#8221;2200px&#8221; max_width=&#8221;71%&#8221; module_alignment=&#8221;center&#8221; content_max_width=&#8221;100%&#8221; custom_margin=&#8221;||0px||false|false&#8221; custom_padding=&#8221;306px||213px||false|false&#8221; global_colors_info=&#8221;{}&#8221;][et_pb_slide _builder_version=&#8221;4.16&#8243; _module_preset=&#8221;default&#8221; background_enable_color=&#8221;off&#8221; background_image=&#8221;https:\/\/www.softoro.pl\/wp-content\/uploads\/2022\/02\/kasy-fiskalne-torun-slide-2.png&#8221; background_enable_image=&#8221;on&#8221; global_colors_info=&#8221;{}&#8221; sticky_transition=&#8221;on&#8221;][\/et_pb_slide][et_pb_slide _builder_version=&#8221;4.16&#8243; _module_preset=&#8221;default&#8221; background_enable_color=&#8221;off&#8221; background_image=&#8221;https:\/\/www.softoro.pl\/wp-content\/uploads\/2022\/02\/programy-dla-firm-torun-slide-1.png&#8221; background_enable_image=&#8221;on&#8221; global_colors_info=&#8221;{}&#8221; sticky_transition=&#8221;on&#8221;][\/et_pb_slide][et_pb_slide _builder_version=&#8221;4.16&#8243; _module_preset=&#8221;default&#8221; background_enable_color=&#8221;off&#8221; background_image=&#8221;https:\/\/www.softoro.pl\/wp-content\/uploads\/2022\/02\/slide-programy-dla-firm-insert-nexo.png&#8221; background_enable_image=&#8221;on&#8221; global_colors_info=&#8221;{}&#8221; sticky_transition=&#8221;on&#8221;][\/et_pb_slide][et_pb_slide _builder_version=&#8221;4.16&#8243; _module_preset=&#8221;default&#8221; background_enable_color=&#8221;off&#8221; background_image=&#8221;https:\/\/www.softoro.pl\/wp-content\/uploads\/2022\/02\/systemy-gastronomiczne-torun-slide-5.png&#8221; background_enable_image=&#8221;on&#8221; global_colors_info=&#8221;{}&#8221; sticky_transition=&#8221;on&#8221;][\/et_pb_slide][et_pb_slide _builder_version=&#8221;4.16&#8243; _module_preset=&#8221;default&#8221; background_enable_color=&#8221;off&#8221; background_image=&#8221;https:\/\/www.softoro.pl\/wp-content\/uploads\/2022\/02\/wagi-torun-slide-2.png&#8221; background_enable_image=&#8221;on&#8221; global_colors_info=&#8221;{}&#8221; sticky_transition=&#8221;on&#8221;][\/et_pb_slide][et_pb_slide _builder_version=&#8221;4.16&#8243; _module_preset=&#8221;default&#8221; background_enable_color=&#8221;off&#8221; background_image=&#8221;https:\/\/www.softoro.pl\/wp-content\/uploads\/2022\/02\/programy-dla-firm-torun-slide-2.png&#8221; background_enable_image=&#8221;on&#8221; global_colors_info=&#8221;{}&#8221; sticky_transition=&#8221;on&#8221;][\/et_pb_slide][\/et_pb_slider][\/et_pb_column][\/et_pb_row][\/et_pb_section][et_pb_section fb_built=&#8221;1&#8243; admin_label=&#8221;Features&#8221; _builder_version=&#8221;4.16&#8243; custom_padding=&#8221;3px|||||&#8221; locked=&#8221;off&#8221; global_colors_info=&#8221;{}&#8221;][et_pb_row column_structure=&#8221;2_3,1_3&#8243; _builder_version=&#8221;4.16&#8243; global_colors_info=&#8221;{}&#8221;][et_pb_column type=&#8221;2_3&#8243; _builder_version=&#8221;4.16&#8243; custom_padding=&#8221;|||&#8221; global_colors_info=&#8221;{}&#8221; custom_padding__hover=&#8221;|||&#8221;][et_pb_text _builder_version=&#8221;4.16&#8243; text_font=&#8221;||||||||&#8221; text_font_size=&#8221;16px&#8221; text_line_height=&#8221;2em&#8221; header_2_font=&#8221;Rubik|500||on|||||&#8221; header_2_text_color=&#8221;#ff8f00&#8243; header_2_font_size=&#8221;14px&#8221; header_2_letter_spacing=&#8221;1px&#8221; header_2_line_height=&#8221;1.5em&#8221; header_3_font=&#8221;Rubik|500|||||||&#8221; header_3_font_size=&#8221;38px&#8221; header_3_line_height=&#8221;1.4em&#8221; header_2_font_size_tablet=&#8221;42px&#8221; header_2_font_size_phone=&#8221;32px&#8221; header_2_font_size_last_edited=&#8221;off|desktop&#8221; header_3_font_size_tablet=&#8221;28px&#8221; header_3_font_size_phone=&#8221;20px&#8221; header_3_font_size_last_edited=&#8221;on|phone&#8221; locked=&#8221;off&#8221; global_colors_info=&#8221;{}&#8221;]<\/p>\n<h2>Us\u0142ugi<\/h2>\n<h3>Wdra\u017camy systemy informatyczne, kt\u00f3re wspomagaj\u0105 biznes.<\/h3>\n<p>SOFTORO oferuje zaawansowane rozwi\u0105zania informatyczne dla biznesu, kt\u00f3re usprawniaj\u0105 i u\u0142atwiaj\u0105 prac\u0119 w firmach. Zapewniamy profesjonalne doradztwo w zakresie oprogramowania oraz \u015bwiadczenie kompleksowych us\u0142ug informatycznych. Dzia\u0142amy w zakresie doradztwa, sprzeda\u017cy, wdro\u017ce\u0144, serwisowania, integracji oraz rozbudowy oprogramowania pod indywidualne potrzeby naszych klient\u00f3w.[\/et_pb_text][\/et_pb_column][et_pb_column type=&#8221;1_3&#8243; _builder_version=&#8221;4.16&#8243; custom_padding=&#8221;|||&#8221; global_colors_info=&#8221;{}&#8221; custom_padding__hover=&#8221;|||&#8221;][et_pb_image src=&#8221;https:\/\/www.softoro.pl\/wp-content\/uploads\/2022\/02\/DSI.png&#8221; title_text=&#8221;DSI&#8221; align_tablet=&#8221;center&#8221; align_phone=&#8221;center&#8221; align_last_edited=&#8221;on|desktop&#8221; _builder_version=&#8221;4.16&#8243; animation_style=&#8221;zoom&#8221; animation_intensity_zoom=&#8221;10%&#8221; global_colors_info=&#8221;{}&#8221;][\/et_pb_image][\/et_pb_column][\/et_pb_row][et_pb_row column_structure=&#8221;1_3,2_3&#8243; _builder_version=&#8221;4.16&#8243; global_colors_info=&#8221;{}&#8221;][et_pb_column type=&#8221;1_3&#8243; _builder_version=&#8221;4.16&#8243; custom_padding=&#8221;|||&#8221; global_colors_info=&#8221;{}&#8221; custom_padding__hover=&#8221;|||&#8221;][et_pb_image src=&#8221;https:\/\/www.softoro.pl\/wp-content\/uploads\/2022\/02\/PI-768&#215;568-1.png&#8221; title_text=&#8221;PI-768&#215;568&#8243; align_tablet=&#8221;center&#8221; align_phone=&#8221;center&#8221; align_last_edited=&#8221;on|desktop&#8221; _builder_version=&#8221;4.16&#8243; animation_style=&#8221;zoom&#8221; animation_intensity_zoom=&#8221;10%&#8221; global_colors_info=&#8221;{}&#8221;][\/et_pb_image][\/et_pb_column][et_pb_column type=&#8221;2_3&#8243; _builder_version=&#8221;4.16&#8243; custom_padding=&#8221;|||&#8221; global_colors_info=&#8221;{}&#8221; custom_padding__hover=&#8221;|||&#8221;][et_pb_text _builder_version=&#8221;4.16&#8243; text_font=&#8221;||||||||&#8221; text_font_size=&#8221;16px&#8221; text_line_height=&#8221;2em&#8221; header_2_font=&#8221;Rubik|500||on|||||&#8221; header_2_text_color=&#8221;#ff8f00&#8243; header_2_font_size=&#8221;14px&#8221; header_2_letter_spacing=&#8221;1px&#8221; header_2_line_height=&#8221;1.5em&#8221; header_3_font=&#8221;Rubik|500|||||||&#8221; header_3_font_size=&#8221;38px&#8221; header_3_line_height=&#8221;1.4em&#8221; header_2_font_size_tablet=&#8221;42px&#8221; header_2_font_size_phone=&#8221;32px&#8221; header_2_font_size_last_edited=&#8221;off|desktop&#8221; header_3_font_size_tablet=&#8221;28px&#8221; header_3_font_size_phone=&#8221;20px&#8221; header_3_font_size_last_edited=&#8221;on|phone&#8221; locked=&#8221;off&#8221; global_colors_info=&#8221;{}&#8221;]<\/p>\n<h2>Us\u0142ugi<\/h2>\n<h3>Nasz serwis pracuje ca\u0142\u0105 dob\u0119 przez 7 dni tygodniu.<\/h3>\n<p>G\u0142\u00f3wn\u0105 dziedzin\u0105 naszej firmy jest wdra\u017canie i serwisowanie program\u00f3w dla mikro, ma\u0142ych i \u015brednich firm polskiej firmy InsERT S.A. z Wroc\u0142awia.  Bogata funkcjonalno\u015b\u0107, \u0142atwo\u015b\u0107 obs\u0142ugi i konkurencyjne ceny sprawiaj\u0105, \u017ce jest to najcz\u0119\u015bciej wybierane oprogramowanie przez polskie firmy. Sprzedano ju\u017c ponad 490 tysi\u0119cy licencji system\u00f3w InsERT.[\/et_pb_text][\/et_pb_column][\/et_pb_row][et_pb_row column_structure=&#8221;2_3,1_3&#8243; _builder_version=&#8221;4.16&#8243; global_colors_info=&#8221;{}&#8221;][et_pb_column type=&#8221;2_3&#8243; _builder_version=&#8221;4.16&#8243; custom_padding=&#8221;|||&#8221; global_colors_info=&#8221;{}&#8221; custom_padding__hover=&#8221;|||&#8221;][et_pb_text _builder_version=&#8221;4.16&#8243; text_font=&#8221;||||||||&#8221; text_font_size=&#8221;16px&#8221; text_line_height=&#8221;2em&#8221; header_2_font=&#8221;Rubik|500||on|||||&#8221; header_2_text_color=&#8221;#ff8f00&#8243; header_2_font_size=&#8221;14px&#8221; header_2_letter_spacing=&#8221;1px&#8221; header_2_line_height=&#8221;1.5em&#8221; header_3_font=&#8221;Rubik|500|||||||&#8221; header_3_font_size=&#8221;38px&#8221; header_3_line_height=&#8221;1.4em&#8221; header_2_font_size_tablet=&#8221;42px&#8221; header_2_font_size_phone=&#8221;32px&#8221; header_2_font_size_last_edited=&#8221;off|desktop&#8221; header_3_font_size_tablet=&#8221;28px&#8221; header_3_font_size_phone=&#8221;20px&#8221; header_3_font_size_last_edited=&#8221;on|phone&#8221; locked=&#8221;off&#8221; global_colors_info=&#8221;{}&#8221;]<\/p>\n<h2>Us\u0142ugi<\/h2>\n<h3>Jako nieliczni posiadamy status DYPLOMOWANEGO SERWISANTA INSERT, co \u015bwiadczy o naszej wiedzy na temat wdra\u017canych system\u00f3w.<\/h3>\n<p>G\u0142\u00f3wn\u0105 dziedzin\u0105 naszej firmy jest wdra\u017canie i serwisowanie program\u00f3w dla mikro, ma\u0142ych i \u015brednich firm polskiej firmy InsERT S.A. z Wroc\u0142awia. Bogata funkcjonalno\u015b\u0107, \u0142atwo\u015b\u0107 obs\u0142ugi i konkurencyjne ceny sprawiaj\u0105, \u017ce jest to najcz\u0119\u015bciej wybierane oprogramowanie przez polskie firmy. Sprzedano ju\u017c ponad 490 tysi\u0119cy licencji system\u00f3w InsERT.<\/p>\n<p><span>W naszej ofercie znajd\u0105 Pa\u0144stwo ca\u0142\u0105 lini\u0119 program\u00f3w firmy\u00a0<\/span><b>InsERT GT i InsERT Nexo<\/b><span>, kasy fiskalne i drukarki fiskalne wy\u0142\u0105cznie renomowanych polskich producent\u00f3w, czytniki kod\u00f3w, kolektory danych, sprawdzarki cen, szuflady kasowe, wagi kalkulacyjne, wagi etykietuj\u0105ce oraz wiele innych produkt\u00f3w.<\/span><\/p>\n<p><span>To co nas wyr\u00f3\u017cnia, to\u00a0<strong>indywidualne podej\u015bcie do ka\u017cdego klienta<\/strong>,\u00a0<strong>terminowo\u015b\u0107 oraz elastyczno\u015b\u0107 w relacjach<\/strong>\u00a0z naszymi klientami. Je\u017celi szukaj\u0105 Pa\u0144stwo miejsca w kt\u00f3rym mo\u017cna za\u0142atwi\u0107 wszystkie sprawy zwi\u0105zane z infrastruktur\u0105 informatyczn\u0105 Pa\u0144stwa firmy, ch\u0119tnie pos\u0142u\u017cymy pomoc\u0105 dobieraj\u0105c rozwi\u0105zania dostosowane pod indywidualne potrzeby Pa\u0144stwa firmy, by u\u0142atwi\u0107 i zoptymalizowa\u0107 jej dzia\u0142anie.<\/span><\/p>\n<p>[\/et_pb_text][\/et_pb_column][et_pb_column type=&#8221;1_3&#8243; _builder_version=&#8221;4.16&#8243; custom_padding=&#8221;|||&#8221; global_colors_info=&#8221;{}&#8221; custom_padding__hover=&#8221;|||&#8221;][et_pb_image src=&#8221;https:\/\/www.softoro.pl\/wp-content\/uploads\/2022\/02\/1X_Hosting_Illustration_02.png&#8221; title_text=&#8221;1X_Hosting_Illustration_02&#8243; align_tablet=&#8221;center&#8221; align_phone=&#8221;center&#8221; align_last_edited=&#8221;on|desktop&#8221; _builder_version=&#8221;4.16&#8243; animation_style=&#8221;zoom&#8221; animation_intensity_zoom=&#8221;10%&#8221; global_colors_info=&#8221;{}&#8221;][\/et_pb_image][\/et_pb_column][\/et_pb_row][\/et_pb_section][et_pb_section fb_built=&#8221;1&#8243; next_background_color=&#8221;#ffffff&#8221; admin_label=&#8221;Support&#8221; _builder_version=&#8221;4.16&#8243; use_background_color_gradient=&#8221;on&#8221; background_color_gradient_direction=&#8221;150deg&#8221; background_color_gradient_stops=&#8221;#ffba61 0%|#ffe970 100%&#8221; background_color_gradient_start=&#8221;#ffba61&#8243; background_color_gradient_end=&#8221;#ffe970&#8243; background_image=&#8221;https:\/\/www.softoro.pl\/new\/wp-content\/uploads\/2022\/02\/hosting-company-02.png&#8221; background_size=&#8221;contain&#8221; background_position=&#8221;top_center&#8221; custom_padding=&#8221;15vw||8vw||false|false&#8221; bottom_divider_style=&#8221;wave2&#8243; bottom_divider_repeat=&#8221;1.5x&#8221; global_colors_info=&#8221;{}&#8221;][et_pb_row _builder_version=&#8221;4.16&#8243; locked=&#8221;off&#8221; global_colors_info=&#8221;{}&#8221;][et_pb_column type=&#8221;4_4&#8243; _builder_version=&#8221;4.16&#8243; custom_padding=&#8221;|||&#8221; global_colors_info=&#8221;{}&#8221; custom_padding__hover=&#8221;|||&#8221;][et_pb_text _builder_version=&#8221;4.16&#8243; text_font=&#8221;||||||||&#8221; text_font_size=&#8221;16px&#8221; text_line_height=&#8221;2em&#8221; header_2_font=&#8221;Rubik|500|||||||&#8221; header_2_font_size=&#8221;52px&#8221; header_2_line_height=&#8221;1.2em&#8221; header_3_font_size=&#8221;38px&#8221; text_orientation=&#8221;center&#8221; background_layout=&#8221;dark&#8221; max_width=&#8221;700px&#8221; module_alignment=&#8221;center&#8221; header_2_font_size_tablet=&#8221;42px&#8221; header_2_font_size_phone=&#8221;32px&#8221; header_2_font_size_last_edited=&#8221;on|desktop&#8221; header_3_font_size_tablet=&#8221;28px&#8221; header_3_font_size_phone=&#8221;20px&#8221; header_3_font_size_last_edited=&#8221;on|phone&#8221; text_text_shadow_style=&#8221;preset1&#8243; text_text_shadow_blur_strength=&#8221;2em&#8221; locked=&#8221;off&#8221; global_colors_info=&#8221;{}&#8221;]<\/p>\n<h2>SOFTORO.pl<\/h2>\n<h2>+48 535.328.585<\/h2>\n<p>[\/et_pb_text][\/et_pb_column][\/et_pb_row][\/et_pb_section]<\/p>\n","protected":false},"excerpt":{"rendered":"<p>Us\u0142ugi Wdra\u017camy systemy informatyczne, kt\u00f3re wspomagaj\u0105 biznes. SOFTORO oferuje zaawansowane rozwi\u0105zania informatyczne dla biznesu, kt\u00f3re usprawniaj\u0105 i u\u0142atwiaj\u0105 prac\u0119 w firmach. Zapewniamy profesjonalne doradztwo w zakresie oprogramowania oraz \u015bwiadczenie kompleksowych us\u0142ug informatycznych. Dzia\u0142amy w zakresie doradztwa, sprzeda\u017cy, wdro\u017ce\u0144, serwisowania, integracji oraz rozbudowy oprogramowania pod indywidualne potrzeby naszych klient\u00f3w.Us\u0142ugi Nasz serwis pracuje ca\u0142\u0105 dob\u0119 przez 7 [&hellip;]<\/p>\n","protected":false},"author":1,"featured_media":0,"parent":0,"menu_order":0,"comment_status":"closed","ping_status":"closed","template":"","meta":{"_et_pb_use_builder":"on","_et_pb_old_content":"","_et_gb_content_width":""},"_links":{"self":[{"href":"https:\/\/www.softoro.pl\/index.php?rest_route=\/wp\/v2\/pages\/8"}],"collection":[{"href":"https:\/\/www.softoro.pl\/index.php?rest_route=\/wp\/v2\/pages"}],"about":[{"href":"https:\/\/www.softoro.pl\/index.php?rest_route=\/wp\/v2\/types\/page"}],"author":[{"embeddable":true,"href":"https:\/\/www.softoro.pl\/index.php?rest_route=\/wp\/v2\/users\/1"}],"replies":[{"embeddable":true,"href":"https:\/\/www.softoro.pl\/index.php?rest_route=%2Fwp%2Fv2%2Fcomments&post=8"}],"version-history":[{"count":12,"href":"https:\/\/www.softoro.pl\/index.php?rest_route=\/wp\/v2\/pages\/8\/revisions"}],"predecessor-version":[{"id":82,"href":"https:\/\/www.softoro.pl\/index.php?rest_route=\/wp\/v2\/pages\/8\/revisions\/82"}],"wp:attachment":[{"href":"https:\/\/www.softoro.pl\/index.php?rest_route=%2Fwp%2Fv2%2Fmedia&parent=8"}],"curies":[{"name":"wp","href":"https:\/\/api.w.org\/{rel}","templated":true}]}}